{"id":3958,"date":"2025-06-06T08:03:46","date_gmt":"2025-06-06T08:03:46","guid":{"rendered":"https:\/\/www.simplesocialhub.com\/?post_type=product&#038;p=3958"},"modified":"2025-06-13T11:44:10","modified_gmt":"2025-06-13T11:44:10","slug":"coworking-1-2-day-pass","status":"publish","type":"product","link":"https:\/\/www.simplesocialhub.com\/es\/producto\/coworking-1-2-day-pass","title":{"rendered":"COWORKING: 1\/2 DAY PASS"},"content":{"rendered":"<p data-start=\"150\" data-end=\"207\"><strong data-start=\"150\" data-end=\"207\">\ud83d\udd53<\/strong> Pase de \u00bd d\u00eda para el espacio de coworking de la comunidad Simple Social Hub.<\/p>\n<p data-start=\"209\" data-end=\"218\">Incluye:<\/p>\n<ul data-start=\"220\" data-end=\"579\">\n<li data-start=\"220\" data-end=\"291\">\n<p data-start=\"222\" data-end=\"291\">Acceso de lunes a viernes, 4 horas continuas entre las 8 am y las 8 pm.<\/p>\n<\/li>\n<li data-start=\"292\" data-end=\"311\">\n<p data-start=\"294\" data-end=\"311\">Mesa compartida \ud83d\udccd<\/p>\n<\/li>\n<li data-start=\"312\" data-end=\"335\">\n<p data-start=\"314\" data-end=\"335\">Aire acondicionado<\/p>\n<\/li>\n<li data-start=\"336\" data-end=\"362\">\n<p data-start=\"338\" data-end=\"362\">internet de alta velocidad \ud83d\udcbb<\/p>\n<\/li>\n<li data-start=\"363\" data-end=\"382\">\n<p data-start=\"365\" data-end=\"382\">Uso de tel\u00e9fono.<\/p>\n<\/li>\n<li data-start=\"383\" data-end=\"426\">\n<p data-start=\"385\" data-end=\"426\">Caf\u00e9, t\u00e9 y agua de cortes\u00eda \u2615<\/p>\n<\/li>\n<li data-start=\"427\" data-end=\"541\">\n<p data-start=\"429\" data-end=\"541\">Coworking room available:<br data-start=\"489\" data-end=\"492\" \/>The Residence (Se permiten llamadas en tu escritorio) \ud83d\udcf1<\/p>\n<\/li>\n<li data-start=\"542\" data-end=\"579\">\n<p data-start=\"544\" data-end=\"579\">Incluye 1 hora en salas peque\u00f1as \ud83d\udd51<\/p>\n<\/li>\n<\/ul>\n<p data-start=\"581\" data-end=\"603\">Factura disponible \ud83e\uddfe<\/p>","protected":false},"excerpt":{"rendered":"<p>\ud83d\udd53 \u00bd Day Pass \u2013 Simple Social Hub Community Coworking Includes: Access Monday to Friday, 4 continuous hours between 8 AM and 8 PM Shared table \ud83d\udccd Air conditioning High-speed internet \ud83d\udcbb Phone booths Complimentary coffee, tea &amp; water \u2615 Coworking room available:The Residence (Calls allowed at your desk) \ud83d\udcf1 Includes 1 hour in small [&hellip;]<\/p>\n","protected":false},"featured_media":4063,"template":"","meta":{"site-sidebar-layout":"default","site-content-layout":"default","ast-site-content-layout":"default","site-content-style":"default","site-sidebar-style":"default","ast-global-header-display":"","ast-banner-title-visibility":"","ast-main-header-display":"","ast-hfb-above-header-display":"","ast-hfb-below-header-display":"","ast-hfb-mobile-header-display":"","site-post-title":"","ast-breadcrumbs-content":"","ast-featured-img":"","footer-sml-layout":"","ast-disable-related-posts":"","theme-transparent-header-meta":"default","adv-header-id-meta":"","stick-header-meta":"","header-above-stick-meta":"","header-main-stick-meta":"","header-below-stick-meta":"","astra-migrate-meta-layouts":"set","ast-page-background-enabled":"default","ast-page-background-meta":{"desktop":{"background-color":"","background-image":"","background-repeat":"repeat","background-position":"center center","background-size":"auto","background-attachment":"scroll","background-type":"","background-media":"","overlay-type":"","overlay-color":"","overlay-opacity":"","overlay-gradient":""},"tablet":{"background-color":"","background-image":"","background-repeat":"repeat","background-position":"center center","background-size":"auto","background-attachment":"scroll","background-type":"","background-media":"","overlay-type":"","overlay-color":"","overlay-opacity":"","overlay-gradient":""},"mobile":{"background-color":"","background-image":"","background-repeat":"repeat","background-position":"center center","background-size":"auto","background-attachment":"scroll","background-type":"","background-media":"","overlay-type":"","overlay-color":"","overlay-opacity":"","overlay-gradient":""}},"ast-content-background-meta":{"desktop":{"background-color":"var(--ast-global-color-5)","background-image":"","background-repeat":"repeat","background-position":"center center","background-size":"auto","background-attachment":"scroll","background-type":"","background-media":"","overlay-type":"","overlay-color":"","overlay-opacity":"","overlay-gradient":""},"tablet":{"background-color":"var(--ast-global-color-5)","background-image":"","background-repeat":"repeat","background-position":"center center","background-size":"auto","background-attachment":"scroll","background-type":"","background-media":"","overlay-type":"","overlay-color":"","overlay-opacity":"","overlay-gradient":""},"mobile":{"background-color":"var(--ast-global-color-5)","background-image":"","background-repeat":"repeat","background-position":"center center","background-size":"auto","background-attachment":"scroll","background-type":"","background-media":"","overlay-type":"","overlay-color":"","overlay-opacity":"","overlay-gradient":""}}},"product_brand":[],"product_cat":[31],"product_tag":[],"class_list":{"0":"post-3958","1":"product","2":"type-product","3":"status-publish","4":"has-post-thumbnail","6":"product_cat-coworking-plans","7":"desktop-align-center","8":"tablet-align-center","9":"mobile-align-left","11":"first","12":"instock","13":"virtual","14":"taxable","15":"purchasable","16":"product-type-simple"},"yoast_head":"<!-- This site is optimized with the Yoast SEO plugin v27.2 - https:\/\/yoast.com\/product\/yoast-seo-wordpress\/ -->\n<title>COWORKING: 1\/2 DAY PASS - Simple Social Hub<\/title>\n<meta name=\"description\" content=\"1\/2 day pass to Simple Social Hub Community Coworking. Includes access M-F continuous hours between 8 am to 8 pm, shared table, AC, High Speed Internet, phone booths, coffee, tea &amp; water. Includes 1h in small rooms.\" \/>\n<meta name=\"robots\" content=\"noindex, follow\" \/>\n<meta property=\"og:locale\" content=\"es_ES\" \/>\n<meta property=\"og:type\" content=\"article\" \/>\n<meta property=\"og:title\" content=\"COWORKING: 1\/2 DAY PASS - Simple Social Hub\" \/>\n<meta property=\"og:description\" content=\"1\/2 day pass to Simple Social Hub Community Coworking. Includes access M-F continuous hours between 8 am to 8 pm, shared table, AC, High Speed Internet, phone booths, coffee, tea &amp; water. Includes 1h in small rooms.\" \/>\n<meta property=\"og:url\" content=\"https:\/\/www.simplesocialhub.com\/es\/producto\/coworking-1-2-day-pass\/\" \/>\n<meta property=\"og:site_name\" content=\"Simple Social Hub\" \/>\n<meta property=\"article:publisher\" content=\"https:\/\/facebook.com\/simplesocialhub\" \/>\n<meta property=\"article:modified_time\" content=\"2025-06-13T11:44:10+00:00\" \/>\n<meta property=\"og:image\" content=\"https:\/\/www.simplesocialhub.com\/wp-content\/uploads\/2025\/06\/half-day-plan-scaled.jpg\" \/>\n\t<meta property=\"og:image:width\" content=\"2560\" \/>\n\t<meta property=\"og:image:height\" content=\"1920\" \/>\n\t<meta property=\"og:image:type\" content=\"image\/jpeg\" \/>\n<meta name=\"twitter:card\" content=\"summary_large_image\" \/>\n<meta name=\"twitter:label1\" content=\"Tiempo de lectura\" \/>\n\t<meta name=\"twitter:data1\" content=\"1 minuto\" \/>\n<script type=\"application\/ld+json\" class=\"yoast-schema-graph\">{\"@context\":\"https:\/\/schema.org\",\"@graph\":[{\"@type\":\"WebPage\",\"@id\":\"https:\/\/www.simplesocialhub.com\/product\/coworking-1-2-day-pass\",\"url\":\"https:\/\/www.simplesocialhub.com\/product\/coworking-1-2-day-pass\",\"name\":\"COWORKING: 1\/2 DAY PASS - Simple Social Hub\",\"isPartOf\":{\"@id\":\"https:\/\/www.simplesocialhub.com\/#website\"},\"primaryImageOfPage\":{\"@id\":\"https:\/\/www.simplesocialhub.com\/product\/coworking-1-2-day-pass#primaryimage\"},\"image\":{\"@id\":\"https:\/\/www.simplesocialhub.com\/product\/coworking-1-2-day-pass#primaryimage\"},\"thumbnailUrl\":\"https:\/\/www.simplesocialhub.com\/wp-content\/uploads\/2025\/06\/half-day-plan-scaled.jpg\",\"datePublished\":\"2025-06-06T08:03:46+00:00\",\"dateModified\":\"2025-06-13T11:44:10+00:00\",\"description\":\"1\/2 day pass to Simple Social Hub Community Coworking. Includes access M-F continuous hours between 8 am to 8 pm, shared table, AC, High Speed Internet, phone booths, coffee, tea & water. Includes 1h in small rooms.\",\"breadcrumb\":{\"@id\":\"https:\/\/www.simplesocialhub.com\/product\/coworking-1-2-day-pass#breadcrumb\"},\"inLanguage\":\"es\",\"potentialAction\":[{\"@type\":\"ReadAction\",\"target\":[\"https:\/\/www.simplesocialhub.com\/product\/coworking-1-2-day-pass\"]}]},{\"@type\":\"ImageObject\",\"inLanguage\":\"es\",\"@id\":\"https:\/\/www.simplesocialhub.com\/product\/coworking-1-2-day-pass#primaryimage\",\"url\":\"https:\/\/www.simplesocialhub.com\/wp-content\/uploads\/2025\/06\/half-day-plan-scaled.jpg\",\"contentUrl\":\"https:\/\/www.simplesocialhub.com\/wp-content\/uploads\/2025\/06\/half-day-plan-scaled.jpg\",\"width\":2560,\"height\":1920},{\"@type\":\"BreadcrumbList\",\"@id\":\"https:\/\/www.simplesocialhub.com\/product\/coworking-1-2-day-pass#breadcrumb\",\"itemListElement\":[{\"@type\":\"ListItem\",\"position\":1,\"name\":\"Home\",\"item\":\"https:\/\/www.simplesocialhub.com\/home-coworking\"},{\"@type\":\"ListItem\",\"position\":2,\"name\":\"Plans\",\"item\":\"https:\/\/www.simplesocialhub.com\/plans\"},{\"@type\":\"ListItem\",\"position\":3,\"name\":\"COWORKING: 1\/2 DAY PASS\"}]},{\"@type\":\"WebSite\",\"@id\":\"https:\/\/www.simplesocialhub.com\/#website\",\"url\":\"https:\/\/www.simplesocialhub.com\/\",\"name\":\"Simple Social Hub - Community Coworking\",\"description\":\"Coworking Plans &amp; Spaces\",\"publisher\":{\"@id\":\"https:\/\/www.simplesocialhub.com\/#organization\"},\"potentialAction\":[{\"@type\":\"SearchAction\",\"target\":{\"@type\":\"EntryPoint\",\"urlTemplate\":\"https:\/\/www.simplesocialhub.com\/?s={search_term_string}\"},\"query-input\":{\"@type\":\"PropertyValueSpecification\",\"valueRequired\":true,\"valueName\":\"search_term_string\"}}],\"inLanguage\":\"es\"},{\"@type\":\"Organization\",\"@id\":\"https:\/\/www.simplesocialhub.com\/#organization\",\"name\":\"SIMPLE SOCIAL HUB\",\"alternateName\":\"SSH\",\"url\":\"https:\/\/www.simplesocialhub.com\/\",\"logo\":{\"@type\":\"ImageObject\",\"inLanguage\":\"es\",\"@id\":\"https:\/\/www.simplesocialhub.com\/#\/schema\/logo\/image\/\",\"url\":\"https:\/\/www.simplesocialhub.com\/wp-content\/uploads\/2022\/08\/cropped-ssh-transparent.png\",\"contentUrl\":\"https:\/\/www.simplesocialhub.com\/wp-content\/uploads\/2022\/08\/cropped-ssh-transparent.png\",\"width\":362,\"height\":363,\"caption\":\"SIMPLE SOCIAL HUB\"},\"image\":{\"@id\":\"https:\/\/www.simplesocialhub.com\/#\/schema\/logo\/image\/\"},\"sameAs\":[\"https:\/\/facebook.com\/simplesocialhub\",\"https:\/\/instagram.com\/simplesocialhub\",\"https:\/\/www.linkedin.com\/company\/76158394\"]}]}<\/script>\n<!-- \/ Yoast SEO plugin. -->","yoast_head_json":{"title":"COWORKING: 1\/2 DAY PASS - Simple Social Hub","description":"1\/2 day pass to Simple Social Hub Community Coworking. Includes access M-F continuous hours between 8 am to 8 pm, shared table, AC, High Speed Internet, phone booths, coffee, tea & water. Includes 1h in small rooms.","robots":{"index":"noindex","follow":"follow"},"og_locale":"es_ES","og_type":"article","og_title":"COWORKING: 1\/2 DAY PASS - Simple Social Hub","og_description":"1\/2 day pass to Simple Social Hub Community Coworking. Includes access M-F continuous hours between 8 am to 8 pm, shared table, AC, High Speed Internet, phone booths, coffee, tea & water. Includes 1h in small rooms.","og_url":"https:\/\/www.simplesocialhub.com\/es\/producto\/coworking-1-2-day-pass\/","og_site_name":"Simple Social Hub","article_publisher":"https:\/\/facebook.com\/simplesocialhub","article_modified_time":"2025-06-13T11:44:10+00:00","og_image":[{"width":2560,"height":1920,"url":"https:\/\/www.simplesocialhub.com\/wp-content\/uploads\/2025\/06\/half-day-plan-scaled.jpg","type":"image\/jpeg"}],"twitter_card":"summary_large_image","twitter_misc":{"Tiempo de lectura":"1 minuto"},"schema":{"@context":"https:\/\/schema.org","@graph":[{"@type":"WebPage","@id":"https:\/\/www.simplesocialhub.com\/product\/coworking-1-2-day-pass","url":"https:\/\/www.simplesocialhub.com\/product\/coworking-1-2-day-pass","name":"COWORKING: 1\/2 DAY PASS - Simple Social Hub","isPartOf":{"@id":"https:\/\/www.simplesocialhub.com\/#website"},"primaryImageOfPage":{"@id":"https:\/\/www.simplesocialhub.com\/product\/coworking-1-2-day-pass#primaryimage"},"image":{"@id":"https:\/\/www.simplesocialhub.com\/product\/coworking-1-2-day-pass#primaryimage"},"thumbnailUrl":"https:\/\/www.simplesocialhub.com\/wp-content\/uploads\/2025\/06\/half-day-plan-scaled.jpg","datePublished":"2025-06-06T08:03:46+00:00","dateModified":"2025-06-13T11:44:10+00:00","description":"1\/2 day pass to Simple Social Hub Community Coworking. Includes access M-F continuous hours between 8 am to 8 pm, shared table, AC, High Speed Internet, phone booths, coffee, tea & water. Includes 1h in small rooms.","breadcrumb":{"@id":"https:\/\/www.simplesocialhub.com\/product\/coworking-1-2-day-pass#breadcrumb"},"inLanguage":"es","potentialAction":[{"@type":"ReadAction","target":["https:\/\/www.simplesocialhub.com\/product\/coworking-1-2-day-pass"]}]},{"@type":"ImageObject","inLanguage":"es","@id":"https:\/\/www.simplesocialhub.com\/product\/coworking-1-2-day-pass#primaryimage","url":"https:\/\/www.simplesocialhub.com\/wp-content\/uploads\/2025\/06\/half-day-plan-scaled.jpg","contentUrl":"https:\/\/www.simplesocialhub.com\/wp-content\/uploads\/2025\/06\/half-day-plan-scaled.jpg","width":2560,"height":1920},{"@type":"BreadcrumbList","@id":"https:\/\/www.simplesocialhub.com\/product\/coworking-1-2-day-pass#breadcrumb","itemListElement":[{"@type":"ListItem","position":1,"name":"Home","item":"https:\/\/www.simplesocialhub.com\/home-coworking"},{"@type":"ListItem","position":2,"name":"Plans","item":"https:\/\/www.simplesocialhub.com\/plans"},{"@type":"ListItem","position":3,"name":"COWORKING: 1\/2 DAY PASS"}]},{"@type":"WebSite","@id":"https:\/\/www.simplesocialhub.com\/#website","url":"https:\/\/www.simplesocialhub.com\/","name":"Simple Social Hub - Community Coworking","description":"Planes y Espacios de Coworking","publisher":{"@id":"https:\/\/www.simplesocialhub.com\/#organization"},"potentialAction":[{"@type":"SearchAction","target":{"@type":"EntryPoint","urlTemplate":"https:\/\/www.simplesocialhub.com\/?s={search_term_string}"},"query-input":{"@type":"PropertyValueSpecification","valueRequired":true,"valueName":"search_term_string"}}],"inLanguage":"es"},{"@type":"Organization","@id":"https:\/\/www.simplesocialhub.com\/#organization","name":"SIMPLE SOCIAL HUB","alternateName":"SSH","url":"https:\/\/www.simplesocialhub.com\/","logo":{"@type":"ImageObject","inLanguage":"es","@id":"https:\/\/www.simplesocialhub.com\/#\/schema\/logo\/image\/","url":"https:\/\/www.simplesocialhub.com\/wp-content\/uploads\/2022\/08\/cropped-ssh-transparent.png","contentUrl":"https:\/\/www.simplesocialhub.com\/wp-content\/uploads\/2022\/08\/cropped-ssh-transparent.png","width":362,"height":363,"caption":"SIMPLE SOCIAL HUB"},"image":{"@id":"https:\/\/www.simplesocialhub.com\/#\/schema\/logo\/image\/"},"sameAs":["https:\/\/facebook.com\/simplesocialhub","https:\/\/instagram.com\/simplesocialhub","https:\/\/www.linkedin.com\/company\/76158394"]}]}},"_links":{"self":[{"href":"https:\/\/www.simplesocialhub.com\/es\/wp-json\/wp\/v2\/product\/3958","targetHints":{"allow":["GET"]}}],"collection":[{"href":"https:\/\/www.simplesocialhub.com\/es\/wp-json\/wp\/v2\/product"}],"about":[{"href":"https:\/\/www.simplesocialhub.com\/es\/wp-json\/wp\/v2\/types\/product"}],"wp:featuredmedia":[{"embeddable":true,"href":"https:\/\/www.simplesocialhub.com\/es\/wp-json\/wp\/v2\/media\/4063"}],"wp:attachment":[{"href":"https:\/\/www.simplesocialhub.com\/es\/wp-json\/wp\/v2\/media?parent=3958"}],"wp:term":[{"taxonomy":"product_brand","embeddable":true,"href":"https:\/\/www.simplesocialhub.com\/es\/wp-json\/wp\/v2\/product_brand?post=3958"},{"taxonomy":"product_cat","embeddable":true,"href":"https:\/\/www.simplesocialhub.com\/es\/wp-json\/wp\/v2\/product_cat?post=3958"},{"taxonomy":"product_tag","embeddable":true,"href":"https:\/\/www.simplesocialhub.com\/es\/wp-json\/wp\/v2\/product_tag?post=3958"}],"curies":[{"name":"wp","href":"https:\/\/api.w.org\/{rel}","templated":true}]}}