{"id":3934,"date":"2025-06-05T06:41:24","date_gmt":"2025-06-05T06:41:24","guid":{"rendered":"https:\/\/www.simplesocialhub.com\/?post_type=product&#038;p=3934"},"modified":"2025-06-13T11:56:28","modified_gmt":"2025-06-13T11:56:28","slug":"coworking-1-week-pass","status":"publish","type":"product","link":"https:\/\/www.simplesocialhub.com\/es\/producto\/coworking-1-week-pass","title":{"rendered":"COWORKING: 1 WEEK PASS"},"content":{"rendered":"<p data-start=\"129\" data-end=\"187\"><strong data-start=\"129\" data-end=\"187\">\ud83d\udcc5 <\/strong>Pase de 1 semana para el espacio de coworking de la comunidad Simple Social Hub.<\/p>\n<p data-start=\"189\" data-end=\"198\">Incluye:<\/p>\n<ul data-start=\"200\" data-end=\"524\">\n<li data-start=\"200\" data-end=\"223\">\n<p data-start=\"202\" data-end=\"223\">Acceso completo 24\/7 \ud83d\udd13<\/p>\n<\/li>\n<li data-start=\"224\" data-end=\"247\">\n<p data-start=\"226\" data-end=\"247\">Mesa individual<\/p>\n<\/li>\n<li data-start=\"248\" data-end=\"271\">\n<p data-start=\"250\" data-end=\"271\">Aire acondicionado \u2744\ufe0f<\/p>\n<\/li>\n<li data-start=\"272\" data-end=\"298\">\n<p data-start=\"274\" data-end=\"298\">Internet de alta velocidad.<\/p>\n<\/li>\n<li data-start=\"299\" data-end=\"318\">\n<p data-start=\"301\" data-end=\"318\">Uso de tel\u00e9fono \ud83d\udcde<\/p>\n<\/li>\n<li data-start=\"319\" data-end=\"362\">\n<p data-start=\"321\" data-end=\"362\">Caf\u00e9, t\u00e9 y agua de cortes\u00eda \u2615<\/p>\n<\/li>\n<li data-start=\"363\" data-end=\"477\">\n<p data-start=\"365\" data-end=\"477\">Coworking room available:<br data-start=\"393\" data-end=\"396\" \/>\u00a0The Hub (Sala Silenciosa) \ud83e\uddd8\u200d\u2642\ufe0f<\/p>\n<\/li>\n<li data-start=\"478\" data-end=\"524\">\n<p data-start=\"480\" data-end=\"524\">Incluye 2 horas por d\u00eda en salas peque\u00f1as \ud83d\udd51<\/p>\n<\/li>\n<\/ul>\n<p data-start=\"526\" data-end=\"548\">Factura disponible \ud83e\uddfe<\/p>","protected":false},"excerpt":{"rendered":"<p>\ud83d\udcc5 1 Week Pass \u2013 Simple Social Hub Community Coworking Includes: 24\/7 full access \ud83d\udd13 Individual table Air conditioning \u2744\ufe0f High-speed internet Phone booths \ud83d\udcde Complimentary coffee, tea &amp; water \u2615 Coworking room available:\u00a0The Hub (Silent Room) \ud83e\uddd8\u200d\u2642\ufe0f Includes 2 hours per day in small rooms \ud83d\udd51 Invoice available \ud83e\uddfe<\/p>","protected":false},"featured_media":4065,"template":"","meta":{"site-sidebar-layout":"default","site-content-layout":"default","ast-site-content-layout":"default","site-content-style":"default","site-sidebar-style":"default","ast-global-header-display":"","ast-banner-title-visibility":"","ast-main-header-display":"","ast-hfb-above-header-display":"","ast-hfb-below-header-display":"","ast-hfb-mobile-header-display":"","site-post-title":"","ast-breadcrumbs-content":"","ast-featured-img":"","footer-sml-layout":"","ast-disable-related-posts":"","theme-transparent-header-meta":"default","adv-header-id-meta":"","stick-header-meta":"","header-above-stick-meta":"","header-main-stick-meta":"","header-below-stick-meta":"","astra-migrate-meta-layouts":"set","ast-page-background-enabled":"default","ast-page-background-meta":{"desktop":{"background-color":"","background-image":"","background-repeat":"repeat","background-position":"center center","background-size":"auto","background-attachment":"scroll","background-type":"","background-media":"","overlay-type":"","overlay-color":"","overlay-opacity":"","overlay-gradient":""},"tablet":{"background-color":"","background-image":"","background-repeat":"repeat","background-position":"center center","background-size":"auto","background-attachment":"scroll","background-type":"","background-media":"","overlay-type":"","overlay-color":"","overlay-opacity":"","overlay-gradient":""},"mobile":{"background-color":"","background-image":"","background-repeat":"repeat","background-position":"center center","background-size":"auto","background-attachment":"scroll","background-type":"","background-media":"","overlay-type":"","overlay-color":"","overlay-opacity":"","overlay-gradient":""}},"ast-content-background-meta":{"desktop":{"background-color":"var(--ast-global-color-5)","background-image":"","background-repeat":"repeat","background-position":"center center","background-size":"auto","background-attachment":"scroll","background-type":"","background-media":"","overlay-type":"","overlay-color":"","overlay-opacity":"","overlay-gradient":""},"tablet":{"background-color":"var(--ast-global-color-5)","background-image":"","background-repeat":"repeat","background-position":"center center","background-size":"auto","background-attachment":"scroll","background-type":"","background-media":"","overlay-type":"","overlay-color":"","overlay-opacity":"","overlay-gradient":""},"mobile":{"background-color":"var(--ast-global-color-5)","background-image":"","background-repeat":"repeat","background-position":"center center","background-size":"auto","background-attachment":"scroll","background-type":"","background-media":"","overlay-type":"","overlay-color":"","overlay-opacity":"","overlay-gradient":""}}},"product_brand":[],"product_cat":[31],"product_tag":[],"class_list":{"0":"post-3934","1":"product","2":"type-product","3":"status-publish","4":"has-post-thumbnail","6":"product_cat-coworking-plans","7":"desktop-align-center","8":"tablet-align-center","9":"mobile-align-left","11":"first","12":"instock","13":"virtual","14":"taxable","15":"purchasable","16":"product-type-simple"},"yoast_head":"<!-- This site is optimized with the Yoast SEO plugin v27.2 - https:\/\/yoast.com\/product\/yoast-seo-wordpress\/ -->\n<title>COWORKING: 1 WEEK PASS - Simple Social Hub<\/title>\n<meta name=\"description\" content=\"1-week coworking pass at Simple Social Hub. Includes 24\/7 access to shared desks, 2h\/day in meeting rooms, high-speed internet, AC, coffee, tea &amp; water.\" \/>\n<meta name=\"robots\" content=\"noindex, follow\" \/>\n<meta property=\"og:locale\" content=\"es_ES\" \/>\n<meta property=\"og:type\" content=\"article\" \/>\n<meta property=\"og:title\" content=\"COWORKING: 1 WEEK PASS - Simple Social Hub\" \/>\n<meta property=\"og:description\" content=\"1-week coworking pass at Simple Social Hub. Includes 24\/7 access to shared desks, 2h\/day in meeting rooms, high-speed internet, AC, coffee, tea &amp; water.\" \/>\n<meta property=\"og:url\" content=\"https:\/\/www.simplesocialhub.com\/es\/producto\/coworking-1-week-pass\/\" \/>\n<meta property=\"og:site_name\" content=\"Simple Social Hub\" \/>\n<meta property=\"article:publisher\" content=\"https:\/\/facebook.com\/simplesocialhub\" \/>\n<meta property=\"article:modified_time\" content=\"2025-06-13T11:56:28+00:00\" \/>\n<meta property=\"og:image\" content=\"https:\/\/www.simplesocialhub.com\/wp-content\/uploads\/2025\/06\/one-week-plan.jpeg\" \/>\n\t<meta property=\"og:image:width\" content=\"1536\" \/>\n\t<meta property=\"og:image:height\" content=\"1153\" \/>\n\t<meta property=\"og:image:type\" content=\"image\/jpeg\" \/>\n<meta name=\"twitter:card\" content=\"summary_large_image\" \/>\n<meta name=\"twitter:label1\" content=\"Tiempo de lectura\" \/>\n\t<meta name=\"twitter:data1\" content=\"1 minuto\" \/>\n<script type=\"application\/ld+json\" class=\"yoast-schema-graph\">{\"@context\":\"https:\/\/schema.org\",\"@graph\":[{\"@type\":\"WebPage\",\"@id\":\"https:\/\/www.simplesocialhub.com\/product\/coworking-1-week-pass\",\"url\":\"https:\/\/www.simplesocialhub.com\/product\/coworking-1-week-pass\",\"name\":\"COWORKING: 1 WEEK PASS - Simple Social Hub\",\"isPartOf\":{\"@id\":\"https:\/\/www.simplesocialhub.com\/#website\"},\"primaryImageOfPage\":{\"@id\":\"https:\/\/www.simplesocialhub.com\/product\/coworking-1-week-pass#primaryimage\"},\"image\":{\"@id\":\"https:\/\/www.simplesocialhub.com\/product\/coworking-1-week-pass#primaryimage\"},\"thumbnailUrl\":\"https:\/\/www.simplesocialhub.com\/wp-content\/uploads\/2025\/06\/one-week-plan.jpeg\",\"datePublished\":\"2025-06-05T06:41:24+00:00\",\"dateModified\":\"2025-06-13T11:56:28+00:00\",\"description\":\"1-week coworking pass at Simple Social Hub. Includes 24\/7 access to shared desks, 2h\/day in meeting rooms, high-speed internet, AC, coffee, tea & water.\",\"breadcrumb\":{\"@id\":\"https:\/\/www.simplesocialhub.com\/product\/coworking-1-week-pass#breadcrumb\"},\"inLanguage\":\"es\",\"potentialAction\":[{\"@type\":\"ReadAction\",\"target\":[\"https:\/\/www.simplesocialhub.com\/product\/coworking-1-week-pass\"]}]},{\"@type\":\"ImageObject\",\"inLanguage\":\"es\",\"@id\":\"https:\/\/www.simplesocialhub.com\/product\/coworking-1-week-pass#primaryimage\",\"url\":\"https:\/\/www.simplesocialhub.com\/wp-content\/uploads\/2025\/06\/one-week-plan.jpeg\",\"contentUrl\":\"https:\/\/www.simplesocialhub.com\/wp-content\/uploads\/2025\/06\/one-week-plan.jpeg\",\"width\":1536,\"height\":1153},{\"@type\":\"BreadcrumbList\",\"@id\":\"https:\/\/www.simplesocialhub.com\/product\/coworking-1-week-pass#breadcrumb\",\"itemListElement\":[{\"@type\":\"ListItem\",\"position\":1,\"name\":\"Home\",\"item\":\"https:\/\/www.simplesocialhub.com\/home-coworking\"},{\"@type\":\"ListItem\",\"position\":2,\"name\":\"Plans\",\"item\":\"https:\/\/www.simplesocialhub.com\/plans\"},{\"@type\":\"ListItem\",\"position\":3,\"name\":\"COWORKING: 1 WEEK PASS\"}]},{\"@type\":\"WebSite\",\"@id\":\"https:\/\/www.simplesocialhub.com\/#website\",\"url\":\"https:\/\/www.simplesocialhub.com\/\",\"name\":\"Simple Social Hub - Community Coworking\",\"description\":\"Coworking Plans &amp; Spaces\",\"publisher\":{\"@id\":\"https:\/\/www.simplesocialhub.com\/#organization\"},\"potentialAction\":[{\"@type\":\"SearchAction\",\"target\":{\"@type\":\"EntryPoint\",\"urlTemplate\":\"https:\/\/www.simplesocialhub.com\/?s={search_term_string}\"},\"query-input\":{\"@type\":\"PropertyValueSpecification\",\"valueRequired\":true,\"valueName\":\"search_term_string\"}}],\"inLanguage\":\"es\"},{\"@type\":\"Organization\",\"@id\":\"https:\/\/www.simplesocialhub.com\/#organization\",\"name\":\"SIMPLE SOCIAL HUB\",\"alternateName\":\"SSH\",\"url\":\"https:\/\/www.simplesocialhub.com\/\",\"logo\":{\"@type\":\"ImageObject\",\"inLanguage\":\"es\",\"@id\":\"https:\/\/www.simplesocialhub.com\/#\/schema\/logo\/image\/\",\"url\":\"https:\/\/www.simplesocialhub.com\/wp-content\/uploads\/2022\/08\/cropped-ssh-transparent.png\",\"contentUrl\":\"https:\/\/www.simplesocialhub.com\/wp-content\/uploads\/2022\/08\/cropped-ssh-transparent.png\",\"width\":362,\"height\":363,\"caption\":\"SIMPLE SOCIAL HUB\"},\"image\":{\"@id\":\"https:\/\/www.simplesocialhub.com\/#\/schema\/logo\/image\/\"},\"sameAs\":[\"https:\/\/facebook.com\/simplesocialhub\",\"https:\/\/instagram.com\/simplesocialhub\",\"https:\/\/www.linkedin.com\/company\/76158394\"]}]}<\/script>\n<!-- \/ Yoast SEO plugin. -->","yoast_head_json":{"title":"COWORKING: 1 WEEK PASS - Simple Social Hub","description":"1-week coworking pass at Simple Social Hub. Includes 24\/7 access to shared desks, 2h\/day in meeting rooms, high-speed internet, AC, coffee, tea & water.","robots":{"index":"noindex","follow":"follow"},"og_locale":"es_ES","og_type":"article","og_title":"COWORKING: 1 WEEK PASS - Simple Social Hub","og_description":"1-week coworking pass at Simple Social Hub. Includes 24\/7 access to shared desks, 2h\/day in meeting rooms, high-speed internet, AC, coffee, tea & water.","og_url":"https:\/\/www.simplesocialhub.com\/es\/producto\/coworking-1-week-pass\/","og_site_name":"Simple Social Hub","article_publisher":"https:\/\/facebook.com\/simplesocialhub","article_modified_time":"2025-06-13T11:56:28+00:00","og_image":[{"width":1536,"height":1153,"url":"https:\/\/www.simplesocialhub.com\/wp-content\/uploads\/2025\/06\/one-week-plan.jpeg","type":"image\/jpeg"}],"twitter_card":"summary_large_image","twitter_misc":{"Tiempo de lectura":"1 minuto"},"schema":{"@context":"https:\/\/schema.org","@graph":[{"@type":"WebPage","@id":"https:\/\/www.simplesocialhub.com\/product\/coworking-1-week-pass","url":"https:\/\/www.simplesocialhub.com\/product\/coworking-1-week-pass","name":"COWORKING: 1 WEEK PASS - Simple Social Hub","isPartOf":{"@id":"https:\/\/www.simplesocialhub.com\/#website"},"primaryImageOfPage":{"@id":"https:\/\/www.simplesocialhub.com\/product\/coworking-1-week-pass#primaryimage"},"image":{"@id":"https:\/\/www.simplesocialhub.com\/product\/coworking-1-week-pass#primaryimage"},"thumbnailUrl":"https:\/\/www.simplesocialhub.com\/wp-content\/uploads\/2025\/06\/one-week-plan.jpeg","datePublished":"2025-06-05T06:41:24+00:00","dateModified":"2025-06-13T11:56:28+00:00","description":"1-week coworking pass at Simple Social Hub. Includes 24\/7 access to shared desks, 2h\/day in meeting rooms, high-speed internet, AC, coffee, tea & water.","breadcrumb":{"@id":"https:\/\/www.simplesocialhub.com\/product\/coworking-1-week-pass#breadcrumb"},"inLanguage":"es","potentialAction":[{"@type":"ReadAction","target":["https:\/\/www.simplesocialhub.com\/product\/coworking-1-week-pass"]}]},{"@type":"ImageObject","inLanguage":"es","@id":"https:\/\/www.simplesocialhub.com\/product\/coworking-1-week-pass#primaryimage","url":"https:\/\/www.simplesocialhub.com\/wp-content\/uploads\/2025\/06\/one-week-plan.jpeg","contentUrl":"https:\/\/www.simplesocialhub.com\/wp-content\/uploads\/2025\/06\/one-week-plan.jpeg","width":1536,"height":1153},{"@type":"BreadcrumbList","@id":"https:\/\/www.simplesocialhub.com\/product\/coworking-1-week-pass#breadcrumb","itemListElement":[{"@type":"ListItem","position":1,"name":"Home","item":"https:\/\/www.simplesocialhub.com\/home-coworking"},{"@type":"ListItem","position":2,"name":"Plans","item":"https:\/\/www.simplesocialhub.com\/plans"},{"@type":"ListItem","position":3,"name":"COWORKING: 1 WEEK PASS"}]},{"@type":"WebSite","@id":"https:\/\/www.simplesocialhub.com\/#website","url":"https:\/\/www.simplesocialhub.com\/","name":"Simple Social Hub - Community Coworking","description":"Planes y Espacios de Coworking","publisher":{"@id":"https:\/\/www.simplesocialhub.com\/#organization"},"potentialAction":[{"@type":"SearchAction","target":{"@type":"EntryPoint","urlTemplate":"https:\/\/www.simplesocialhub.com\/?s={search_term_string}"},"query-input":{"@type":"PropertyValueSpecification","valueRequired":true,"valueName":"search_term_string"}}],"inLanguage":"es"},{"@type":"Organization","@id":"https:\/\/www.simplesocialhub.com\/#organization","name":"SIMPLE SOCIAL HUB","alternateName":"SSH","url":"https:\/\/www.simplesocialhub.com\/","logo":{"@type":"ImageObject","inLanguage":"es","@id":"https:\/\/www.simplesocialhub.com\/#\/schema\/logo\/image\/","url":"https:\/\/www.simplesocialhub.com\/wp-content\/uploads\/2022\/08\/cropped-ssh-transparent.png","contentUrl":"https:\/\/www.simplesocialhub.com\/wp-content\/uploads\/2022\/08\/cropped-ssh-transparent.png","width":362,"height":363,"caption":"SIMPLE SOCIAL HUB"},"image":{"@id":"https:\/\/www.simplesocialhub.com\/#\/schema\/logo\/image\/"},"sameAs":["https:\/\/facebook.com\/simplesocialhub","https:\/\/instagram.com\/simplesocialhub","https:\/\/www.linkedin.com\/company\/76158394"]}]}},"_links":{"self":[{"href":"https:\/\/www.simplesocialhub.com\/es\/wp-json\/wp\/v2\/product\/3934","targetHints":{"allow":["GET"]}}],"collection":[{"href":"https:\/\/www.simplesocialhub.com\/es\/wp-json\/wp\/v2\/product"}],"about":[{"href":"https:\/\/www.simplesocialhub.com\/es\/wp-json\/wp\/v2\/types\/product"}],"wp:featuredmedia":[{"embeddable":true,"href":"https:\/\/www.simplesocialhub.com\/es\/wp-json\/wp\/v2\/media\/4065"}],"wp:attachment":[{"href":"https:\/\/www.simplesocialhub.com\/es\/wp-json\/wp\/v2\/media?parent=3934"}],"wp:term":[{"taxonomy":"product_brand","embeddable":true,"href":"https:\/\/www.simplesocialhub.com\/es\/wp-json\/wp\/v2\/product_brand?post=3934"},{"taxonomy":"product_cat","embeddable":true,"href":"https:\/\/www.simplesocialhub.com\/es\/wp-json\/wp\/v2\/product_cat?post=3934"},{"taxonomy":"product_tag","embeddable":true,"href":"https:\/\/www.simplesocialhub.com\/es\/wp-json\/wp\/v2\/product_tag?post=3934"}],"curies":[{"name":"wp","href":"https:\/\/api.w.org\/{rel}","templated":true}]}}