{"id":3931,"date":"2025-06-05T06:29:46","date_gmt":"2025-06-05T06:29:46","guid":{"rendered":"https:\/\/www.simplesocialhub.com\/?post_type=product&#038;p=3931"},"modified":"2025-06-13T11:50:19","modified_gmt":"2025-06-13T11:50:19","slug":"coworking-1-day-pass","status":"publish","type":"product","link":"https:\/\/www.simplesocialhub.com\/es\/producto\/coworking-1-day-pass","title":{"rendered":"COWORKING: 1 DAY PASS"},"content":{"rendered":"<p data-start=\"105\" data-end=\"163\"><strong data-start=\"105\" data-end=\"163\">\ud83d\uddd3\ufe0f <\/strong>Pase de 1 d\u00eda para el espacio de coworking de la comunidad Simple Social Hub.<\/p>\n<p data-start=\"165\" data-end=\"174\">Incluye:<\/p>\n<ul data-start=\"176\" data-end=\"517\">\n<li data-start=\"176\" data-end=\"224\">\n<p data-start=\"178\" data-end=\"224\">Acceso de lunes a viernes, de 8 am a 8 pm<\/p>\n<\/li>\n<li data-start=\"225\" data-end=\"248\">\n<p data-start=\"227\" data-end=\"248\">Mesa individual \ud83e\ude91<\/p>\n<\/li>\n<li data-start=\"249\" data-end=\"272\">\n<p data-start=\"251\" data-end=\"272\">Aire acondicionado<\/p>\n<\/li>\n<li data-start=\"273\" data-end=\"299\">\n<p data-start=\"275\" data-end=\"299\">internet de alta velocidad \ud83d\udcbb<\/p>\n<\/li>\n<li data-start=\"300\" data-end=\"319\">\n<p data-start=\"302\" data-end=\"319\">Uso de tel\u00e9fono.<\/p>\n<\/li>\n<li data-start=\"320\" data-end=\"363\">\n<p data-start=\"322\" data-end=\"363\">Caf\u00e9, t\u00e9 y agua de cortes\u00eda \u2615<\/p>\n<\/li>\n<li data-start=\"364\" data-end=\"478\">\n<p data-start=\"366\" data-end=\"478\">Coworking room available:<br data-start=\"394\" data-end=\"397\" \/>\u00a0The Hub (Silent Room)<\/p>\n<\/li>\n<li data-start=\"479\" data-end=\"517\">\n<p data-start=\"481\" data-end=\"517\">Incluye 2 horas en salas peque\u00f1as \ud83d\udd51<\/p>\n<\/li>\n<\/ul>\n<p data-start=\"519\" data-end=\"541\">Factura disponible \ud83e\uddfe<\/p>","protected":false},"excerpt":{"rendered":"<p>\ud83d\uddd3\ufe0f 1 Day Pass \u2013 Simple Social Hub Community Coworking Includes: Access Monday to Friday, from 8 AM to 8 PM Individual table \ud83e\ude91 Air conditioning High-speed internet \ud83d\udcbb Phone booths Complimentary coffee, tea &amp; water \u2615 Coworking room available:\u00a0The Hub (Silent Room) Includes 2 hours in small rooms \ud83d\udd51 Invoice available \ud83e\uddfe<\/p>","protected":false},"featured_media":4064,"template":"","meta":{"site-sidebar-layout":"default","site-content-layout":"default","ast-site-content-layout":"default","site-content-style":"default","site-sidebar-style":"default","ast-global-header-display":"","ast-banner-title-visibility":"","ast-main-header-display":"","ast-hfb-above-header-display":"","ast-hfb-below-header-display":"","ast-hfb-mobile-header-display":"","site-post-title":"","ast-breadcrumbs-content":"","ast-featured-img":"","footer-sml-layout":"","ast-disable-related-posts":"","theme-transparent-header-meta":"default","adv-header-id-meta":"","stick-header-meta":"","header-above-stick-meta":"","header-main-stick-meta":"","header-below-stick-meta":"","astra-migrate-meta-layouts":"set","ast-page-background-enabled":"default","ast-page-background-meta":{"desktop":{"background-color":"","background-image":"","background-repeat":"repeat","background-position":"center center","background-size":"auto","background-attachment":"scroll","background-type":"","background-media":"","overlay-type":"","overlay-color":"","overlay-opacity":"","overlay-gradient":""},"tablet":{"background-color":"","background-image":"","background-repeat":"repeat","background-position":"center center","background-size":"auto","background-attachment":"scroll","background-type":"","background-media":"","overlay-type":"","overlay-color":"","overlay-opacity":"","overlay-gradient":""},"mobile":{"background-color":"","background-image":"","background-repeat":"repeat","background-position":"center center","background-size":"auto","background-attachment":"scroll","background-type":"","background-media":"","overlay-type":"","overlay-color":"","overlay-opacity":"","overlay-gradient":""}},"ast-content-background-meta":{"desktop":{"background-color":"var(--ast-global-color-5)","background-image":"","background-repeat":"repeat","background-position":"center center","background-size":"auto","background-attachment":"scroll","background-type":"","background-media":"","overlay-type":"","overlay-color":"","overlay-opacity":"","overlay-gradient":""},"tablet":{"background-color":"var(--ast-global-color-5)","background-image":"","background-repeat":"repeat","background-position":"center center","background-size":"auto","background-attachment":"scroll","background-type":"","background-media":"","overlay-type":"","overlay-color":"","overlay-opacity":"","overlay-gradient":""},"mobile":{"background-color":"var(--ast-global-color-5)","background-image":"","background-repeat":"repeat","background-position":"center center","background-size":"auto","background-attachment":"scroll","background-type":"","background-media":"","overlay-type":"","overlay-color":"","overlay-opacity":"","overlay-gradient":""}}},"product_brand":[],"product_cat":[31],"product_tag":[],"class_list":{"0":"post-3931","1":"product","2":"type-product","3":"status-publish","4":"has-post-thumbnail","6":"product_cat-coworking-plans","7":"desktop-align-center","8":"tablet-align-center","9":"mobile-align-left","11":"first","12":"instock","13":"virtual","14":"taxable","15":"purchasable","16":"product-type-simple"},"yoast_head":"<!-- This site is optimized with the Yoast SEO plugin v27.2 - https:\/\/yoast.com\/product\/yoast-seo-wordpress\/ -->\n<title>COWORKING: 1 DAY PASS - Simple Social Hub<\/title>\n<meta name=\"description\" content=\"1 day pass to Simple Social Hub Community Coworking. Includes acces to 8am to 8pm, individual table AC, High Speed Internet, phone booths, coffee, tea &amp; water.\" \/>\n<meta name=\"robots\" content=\"noindex, follow\" \/>\n<meta property=\"og:locale\" content=\"es_ES\" \/>\n<meta property=\"og:type\" content=\"article\" \/>\n<meta property=\"og:title\" content=\"COWORKING: 1 DAY PASS - Simple Social Hub\" \/>\n<meta property=\"og:description\" content=\"1 day pass to Simple Social Hub Community Coworking. Includes acces to 8am to 8pm, individual table AC, High Speed Internet, phone booths, coffee, tea &amp; water.\" \/>\n<meta property=\"og:url\" content=\"https:\/\/www.simplesocialhub.com\/es\/producto\/coworking-1-day-pass\/\" \/>\n<meta property=\"og:site_name\" content=\"Simple Social Hub\" \/>\n<meta property=\"article:publisher\" content=\"https:\/\/facebook.com\/simplesocialhub\" \/>\n<meta property=\"article:modified_time\" content=\"2025-06-13T11:50:19+00:00\" \/>\n<meta property=\"og:image\" content=\"https:\/\/www.simplesocialhub.com\/wp-content\/uploads\/2025\/06\/one-day-plan.jpeg\" \/>\n\t<meta property=\"og:image:width\" content=\"1080\" \/>\n\t<meta property=\"og:image:height\" content=\"815\" \/>\n\t<meta property=\"og:image:type\" content=\"image\/jpeg\" \/>\n<meta name=\"twitter:card\" content=\"summary_large_image\" \/>\n<meta name=\"twitter:label1\" content=\"Tiempo de lectura\" \/>\n\t<meta name=\"twitter:data1\" content=\"1 minuto\" \/>\n<script type=\"application\/ld+json\" class=\"yoast-schema-graph\">{\"@context\":\"https:\/\/schema.org\",\"@graph\":[{\"@type\":\"WebPage\",\"@id\":\"https:\/\/www.simplesocialhub.com\/product\/coworking-1-day-pass\",\"url\":\"https:\/\/www.simplesocialhub.com\/product\/coworking-1-day-pass\",\"name\":\"COWORKING: 1 DAY PASS - Simple Social Hub\",\"isPartOf\":{\"@id\":\"https:\/\/www.simplesocialhub.com\/#website\"},\"primaryImageOfPage\":{\"@id\":\"https:\/\/www.simplesocialhub.com\/product\/coworking-1-day-pass#primaryimage\"},\"image\":{\"@id\":\"https:\/\/www.simplesocialhub.com\/product\/coworking-1-day-pass#primaryimage\"},\"thumbnailUrl\":\"https:\/\/www.simplesocialhub.com\/wp-content\/uploads\/2025\/06\/one-day-plan.jpeg\",\"datePublished\":\"2025-06-05T06:29:46+00:00\",\"dateModified\":\"2025-06-13T11:50:19+00:00\",\"description\":\"1 day pass to Simple Social Hub Community Coworking. Includes acces to 8am to 8pm, individual table AC, High Speed Internet, phone booths, coffee, tea & water.\",\"breadcrumb\":{\"@id\":\"https:\/\/www.simplesocialhub.com\/product\/coworking-1-day-pass#breadcrumb\"},\"inLanguage\":\"es\",\"potentialAction\":[{\"@type\":\"ReadAction\",\"target\":[\"https:\/\/www.simplesocialhub.com\/product\/coworking-1-day-pass\"]}]},{\"@type\":\"ImageObject\",\"inLanguage\":\"es\",\"@id\":\"https:\/\/www.simplesocialhub.com\/product\/coworking-1-day-pass#primaryimage\",\"url\":\"https:\/\/www.simplesocialhub.com\/wp-content\/uploads\/2025\/06\/one-day-plan.jpeg\",\"contentUrl\":\"https:\/\/www.simplesocialhub.com\/wp-content\/uploads\/2025\/06\/one-day-plan.jpeg\",\"width\":1080,\"height\":815},{\"@type\":\"BreadcrumbList\",\"@id\":\"https:\/\/www.simplesocialhub.com\/product\/coworking-1-day-pass#breadcrumb\",\"itemListElement\":[{\"@type\":\"ListItem\",\"position\":1,\"name\":\"Home\",\"item\":\"https:\/\/www.simplesocialhub.com\/home-coworking\"},{\"@type\":\"ListItem\",\"position\":2,\"name\":\"Plans\",\"item\":\"https:\/\/www.simplesocialhub.com\/plans\"},{\"@type\":\"ListItem\",\"position\":3,\"name\":\"COWORKING: 1 DAY PASS\"}]},{\"@type\":\"WebSite\",\"@id\":\"https:\/\/www.simplesocialhub.com\/#website\",\"url\":\"https:\/\/www.simplesocialhub.com\/\",\"name\":\"Simple Social Hub - Community Coworking\",\"description\":\"Coworking Plans &amp; Spaces\",\"publisher\":{\"@id\":\"https:\/\/www.simplesocialhub.com\/#organization\"},\"potentialAction\":[{\"@type\":\"SearchAction\",\"target\":{\"@type\":\"EntryPoint\",\"urlTemplate\":\"https:\/\/www.simplesocialhub.com\/?s={search_term_string}\"},\"query-input\":{\"@type\":\"PropertyValueSpecification\",\"valueRequired\":true,\"valueName\":\"search_term_string\"}}],\"inLanguage\":\"es\"},{\"@type\":\"Organization\",\"@id\":\"https:\/\/www.simplesocialhub.com\/#organization\",\"name\":\"SIMPLE SOCIAL HUB\",\"alternateName\":\"SSH\",\"url\":\"https:\/\/www.simplesocialhub.com\/\",\"logo\":{\"@type\":\"ImageObject\",\"inLanguage\":\"es\",\"@id\":\"https:\/\/www.simplesocialhub.com\/#\/schema\/logo\/image\/\",\"url\":\"https:\/\/www.simplesocialhub.com\/wp-content\/uploads\/2022\/08\/cropped-ssh-transparent.png\",\"contentUrl\":\"https:\/\/www.simplesocialhub.com\/wp-content\/uploads\/2022\/08\/cropped-ssh-transparent.png\",\"width\":362,\"height\":363,\"caption\":\"SIMPLE SOCIAL HUB\"},\"image\":{\"@id\":\"https:\/\/www.simplesocialhub.com\/#\/schema\/logo\/image\/\"},\"sameAs\":[\"https:\/\/facebook.com\/simplesocialhub\",\"https:\/\/instagram.com\/simplesocialhub\",\"https:\/\/www.linkedin.com\/company\/76158394\"]}]}<\/script>\n<!-- \/ Yoast SEO plugin. -->","yoast_head_json":{"title":"COWORKING: 1 DAY PASS - Simple Social Hub","description":"1 day pass to Simple Social Hub Community Coworking. Includes acces to 8am to 8pm, individual table AC, High Speed Internet, phone booths, coffee, tea & water.","robots":{"index":"noindex","follow":"follow"},"og_locale":"es_ES","og_type":"article","og_title":"COWORKING: 1 DAY PASS - Simple Social Hub","og_description":"1 day pass to Simple Social Hub Community Coworking. Includes acces to 8am to 8pm, individual table AC, High Speed Internet, phone booths, coffee, tea & water.","og_url":"https:\/\/www.simplesocialhub.com\/es\/producto\/coworking-1-day-pass\/","og_site_name":"Simple Social Hub","article_publisher":"https:\/\/facebook.com\/simplesocialhub","article_modified_time":"2025-06-13T11:50:19+00:00","og_image":[{"width":1080,"height":815,"url":"https:\/\/www.simplesocialhub.com\/wp-content\/uploads\/2025\/06\/one-day-plan.jpeg","type":"image\/jpeg"}],"twitter_card":"summary_large_image","twitter_misc":{"Tiempo de lectura":"1 minuto"},"schema":{"@context":"https:\/\/schema.org","@graph":[{"@type":"WebPage","@id":"https:\/\/www.simplesocialhub.com\/product\/coworking-1-day-pass","url":"https:\/\/www.simplesocialhub.com\/product\/coworking-1-day-pass","name":"COWORKING: 1 DAY PASS - Simple Social Hub","isPartOf":{"@id":"https:\/\/www.simplesocialhub.com\/#website"},"primaryImageOfPage":{"@id":"https:\/\/www.simplesocialhub.com\/product\/coworking-1-day-pass#primaryimage"},"image":{"@id":"https:\/\/www.simplesocialhub.com\/product\/coworking-1-day-pass#primaryimage"},"thumbnailUrl":"https:\/\/www.simplesocialhub.com\/wp-content\/uploads\/2025\/06\/one-day-plan.jpeg","datePublished":"2025-06-05T06:29:46+00:00","dateModified":"2025-06-13T11:50:19+00:00","description":"1 day pass to Simple Social Hub Community Coworking. Includes acces to 8am to 8pm, individual table AC, High Speed Internet, phone booths, coffee, tea & water.","breadcrumb":{"@id":"https:\/\/www.simplesocialhub.com\/product\/coworking-1-day-pass#breadcrumb"},"inLanguage":"es","potentialAction":[{"@type":"ReadAction","target":["https:\/\/www.simplesocialhub.com\/product\/coworking-1-day-pass"]}]},{"@type":"ImageObject","inLanguage":"es","@id":"https:\/\/www.simplesocialhub.com\/product\/coworking-1-day-pass#primaryimage","url":"https:\/\/www.simplesocialhub.com\/wp-content\/uploads\/2025\/06\/one-day-plan.jpeg","contentUrl":"https:\/\/www.simplesocialhub.com\/wp-content\/uploads\/2025\/06\/one-day-plan.jpeg","width":1080,"height":815},{"@type":"BreadcrumbList","@id":"https:\/\/www.simplesocialhub.com\/product\/coworking-1-day-pass#breadcrumb","itemListElement":[{"@type":"ListItem","position":1,"name":"Home","item":"https:\/\/www.simplesocialhub.com\/home-coworking"},{"@type":"ListItem","position":2,"name":"Plans","item":"https:\/\/www.simplesocialhub.com\/plans"},{"@type":"ListItem","position":3,"name":"COWORKING: 1 DAY PASS"}]},{"@type":"WebSite","@id":"https:\/\/www.simplesocialhub.com\/#website","url":"https:\/\/www.simplesocialhub.com\/","name":"Simple Social Hub - Community Coworking","description":"Planes y Espacios de Coworking","publisher":{"@id":"https:\/\/www.simplesocialhub.com\/#organization"},"potentialAction":[{"@type":"SearchAction","target":{"@type":"EntryPoint","urlTemplate":"https:\/\/www.simplesocialhub.com\/?s={search_term_string}"},"query-input":{"@type":"PropertyValueSpecification","valueRequired":true,"valueName":"search_term_string"}}],"inLanguage":"es"},{"@type":"Organization","@id":"https:\/\/www.simplesocialhub.com\/#organization","name":"SIMPLE SOCIAL HUB","alternateName":"SSH","url":"https:\/\/www.simplesocialhub.com\/","logo":{"@type":"ImageObject","inLanguage":"es","@id":"https:\/\/www.simplesocialhub.com\/#\/schema\/logo\/image\/","url":"https:\/\/www.simplesocialhub.com\/wp-content\/uploads\/2022\/08\/cropped-ssh-transparent.png","contentUrl":"https:\/\/www.simplesocialhub.com\/wp-content\/uploads\/2022\/08\/cropped-ssh-transparent.png","width":362,"height":363,"caption":"SIMPLE SOCIAL HUB"},"image":{"@id":"https:\/\/www.simplesocialhub.com\/#\/schema\/logo\/image\/"},"sameAs":["https:\/\/facebook.com\/simplesocialhub","https:\/\/instagram.com\/simplesocialhub","https:\/\/www.linkedin.com\/company\/76158394"]}]}},"_links":{"self":[{"href":"https:\/\/www.simplesocialhub.com\/es\/wp-json\/wp\/v2\/product\/3931","targetHints":{"allow":["GET"]}}],"collection":[{"href":"https:\/\/www.simplesocialhub.com\/es\/wp-json\/wp\/v2\/product"}],"about":[{"href":"https:\/\/www.simplesocialhub.com\/es\/wp-json\/wp\/v2\/types\/product"}],"wp:featuredmedia":[{"embeddable":true,"href":"https:\/\/www.simplesocialhub.com\/es\/wp-json\/wp\/v2\/media\/4064"}],"wp:attachment":[{"href":"https:\/\/www.simplesocialhub.com\/es\/wp-json\/wp\/v2\/media?parent=3931"}],"wp:term":[{"taxonomy":"product_brand","embeddable":true,"href":"https:\/\/www.simplesocialhub.com\/es\/wp-json\/wp\/v2\/product_brand?post=3931"},{"taxonomy":"product_cat","embeddable":true,"href":"https:\/\/www.simplesocialhub.com\/es\/wp-json\/wp\/v2\/product_cat?post=3931"},{"taxonomy":"product_tag","embeddable":true,"href":"https:\/\/www.simplesocialhub.com\/es\/wp-json\/wp\/v2\/product_tag?post=3931"}],"curies":[{"name":"wp","href":"https:\/\/api.w.org\/{rel}","templated":true}]}}